{"id":20,"date":"2022-09-28T00:47:51","date_gmt":"2022-09-28T00:47:51","guid":{"rendered":"https:\/\/www.envasesgrg.com.mx\/?page_id=20"},"modified":"2023-09-14T14:50:23","modified_gmt":"2023-09-14T19:50:23","slug":"directorio","status":"publish","type":"page","link":"https:\/\/envasesgrg.com.mx\/index.php\/directorio\/","title":{"rendered":"DIRECTORIO"},"content":{"rendered":"<table style=\"height: 542px;\" width=\"713\">\n<tbody>\n<tr>\n<td width=\"121\"><span style=\"color: #800000;\"><strong>\u00c1rea<\/strong><\/span><\/td>\n<td width=\"246\"><span style=\"color: #800000;\"><strong>Correo electr\u00f3nico<\/strong><\/span><\/td>\n<td width=\"84\"><span style=\"color: #800000;\"><strong>Tel\u00e9fono<\/strong><\/span><\/td>\n<\/tr>\n<tr>\n<td width=\"121\"><strong>Comercial<\/strong><\/td>\n<td width=\"246\"><a href=\"mailto:camgroup@envasesgrg.com.mx\"><strong><span style=\"color: #0000ff;\">camgroup@envasesgrg.com.mx<\/span><\/strong><\/a><\/td>\n<td width=\"84\"><span style=\"color: #000000;\"><strong>5546112628<\/strong><\/span><\/td>\n<\/tr>\n<tr>\n<td width=\"121\"><strong>Ventas<\/strong><\/td>\n<td width=\"246\"><span style=\"color: #0000ff;\"><a style=\"color: #0000ff;\" href=\"mailto:ventas@envasesgrg.com.mx\"><strong>ventas@envasesgrg.com.mx<\/strong><\/a><\/span><\/td>\n<td width=\"84\"><strong>5543271756<\/strong><\/td>\n<\/tr>\n<tr>\n<td width=\"121\"><strong>Ventas<\/strong><\/td>\n<td width=\"246\"><strong><a href=\"mailto:aibyci@camgroup.com.mx\"><span style=\"color: #0000ff;\">aibyci@camgroup.com.mx<\/span><\/a><\/strong><\/td>\n<td width=\"84\"><strong>7224145374<\/strong><\/td>\n<\/tr>\n<tr>\n<td width=\"121\"><strong>Facturaci\u00f3n<\/strong><\/td>\n<td width=\"246\"><a href=\"mailto:cfdi@envasesgrg.com.mx\"><strong><span style=\"color: #0000ff;\">cfdi@envasesgrg.com.mx<\/span><\/strong><\/a><\/td>\n<td width=\"84\"><strong>5589588969<\/strong><\/td>\n<\/tr>\n<tr>\n<td width=\"121\"><strong>Control de Calidad<\/strong><\/td>\n<td width=\"246\"><span style=\"color: #0000ff;\"><a style=\"color: #0000ff;\" href=\"mailto:agarcia@envasesgrg.com.mx\"><strong>agarcia@envasesgrg.com.mx<\/strong><\/a><\/span><\/td>\n<td width=\"84\"><strong>5627023652<\/strong><\/td>\n<\/tr>\n<tr>\n<td width=\"121\"><strong>Operaciones<\/strong><\/td>\n<td width=\"246\"><a href=\"mailto:mmoreno@envasesgrg.com.mx\"><strong><span style=\"color: #0000ff;\">mmoreno@envasesgrg.com.mx<\/span><\/strong><\/a><\/td>\n<td width=\"84\"><strong>5584675822<\/strong><\/td>\n<\/tr>\n<tr>\n<td width=\"121\"><strong>Log\u00edstica<\/strong><\/td>\n<td width=\"246\"><a href=\"mailto:logistica@envasesgrg.com.mx\"><strong><span style=\"color: #0000ff;\">logistica@envasesgrg.com.mx<\/span><\/strong><\/a><\/td>\n<td width=\"84\"><strong>7295079701<\/strong><\/td>\n<\/tr>\n<\/tbody>\n<\/table>\n","protected":false},"excerpt":{"rendered":"<p>\u00c1rea Correo electr\u00f3nico Tel\u00e9fono Comercial camgroup@envasesgrg.com.mx 5546112628 Ventas ventas@envasesgrg.com.mx 5543271756 Ventas aibyci@camgroup.com.mx 7224145374 Facturaci\u00f3n cfdi@envasesgrg.com.mx 5589588969 Control de Calidad agarcia@envasesgrg.com.mx 5627023652 Operaciones mmoreno@envasesgrg.com.mx 5584675822 Log\u00edstica logistica@envasesgrg.com.mx 7295079701<\/p>\n","protected":false},"author":1,"featured_media":0,"parent":0,"menu_order":4,"comment_status":"closed","ping_status":"closed","template":"","meta":{"footnotes":""},"class_list":["post-20","page","type-page","status-publish","czr-hentry"],"_links":{"self":[{"href":"https:\/\/envasesgrg.com.mx\/index.php\/wp-json\/wp\/v2\/pages\/20","targetHints":{"allow":["GET"]}}],"collection":[{"href":"https:\/\/envasesgrg.com.mx\/index.php\/wp-json\/wp\/v2\/pages"}],"about":[{"href":"https:\/\/envasesgrg.com.mx\/index.php\/wp-json\/wp\/v2\/types\/page"}],"author":[{"embeddable":true,"href":"https:\/\/envasesgrg.com.mx\/index.php\/wp-json\/wp\/v2\/users\/1"}],"replies":[{"embeddable":true,"href":"https:\/\/envasesgrg.com.mx\/index.php\/wp-json\/wp\/v2\/comments?post=20"}],"version-history":[{"count":2,"href":"https:\/\/envasesgrg.com.mx\/index.php\/wp-json\/wp\/v2\/pages\/20\/revisions"}],"predecessor-version":[{"id":395,"href":"https:\/\/envasesgrg.com.mx\/index.php\/wp-json\/wp\/v2\/pages\/20\/revisions\/395"}],"wp:attachment":[{"href":"https:\/\/envasesgrg.com.mx\/index.php\/wp-json\/wp\/v2\/media?parent=20"}],"curies":[{"name":"wp","href":"https:\/\/api.w.org\/{rel}","templated":true}]}}